{"id":696,"date":"2023-08-01T17:43:27","date_gmt":"2023-08-01T17:43:27","guid":{"rendered":"https:\/\/andros.sailingmylife.com\/?page_id=696"},"modified":"2024-04-03T06:22:05","modified_gmt":"2024-04-03T06:22:05","slug":"inicio","status":"publish","type":"page","link":"https:\/\/andros.sailingmylife.com\/","title":{"rendered":"Inicio"},"content":{"rendered":"\t\t<div data-elementor-type=\"wp-page\" data-elementor-id=\"696\" class=\"elementor elementor-696\" data-elementor-post-type=\"page\">\n\t\t\t\t\t\t\t\t\t<section class=\"elementor-section elementor-top-section elementor-element elementor-element-1e41c148 elementor-section-boxed elementor-section-height-default elementor-section-height-default\" data-id=\"1e41c148\" data-element_type=\"section\">\n\t\t\t\t\t\t<div class=\"elementor-container elementor-column-gap-default\">\n\t\t\t\t\t<div class=\"elementor-column elementor-col-100 elementor-top-column elementor-element elementor-element-202ed300\" data-id=\"202ed300\" data-element_type=\"column\">\n\t\t\t<div class=\"elementor-widget-wrap elementor-element-populated\">\n\t\t\t\t\t\t\t\t<div class=\"elementor-element elementor-element-1e1b4795 elementor-widget elementor-widget-text-editor\" data-id=\"1e1b4795\" data-element_type=\"widget\" data-widget_type=\"text-editor.default\">\n\t\t\t\t<div class=\"elementor-widget-container\">\n\t\t\t<style>\/*! elementor - v3.14.0 - 26-06-2023 *\/\n.elementor-widget-text-editor.elementor-drop-cap-view-stacked .elementor-drop-cap{background-color:#69727d;color:#fff}.elementor-widget-text-editor.elementor-drop-cap-view-framed .elementor-drop-cap{color:#69727d;border:3px solid;background-color:transparent}.elementor-widget-text-editor:not(.elementor-drop-cap-view-default) .elementor-drop-cap{margin-top:8px}.elementor-widget-text-editor:not(.elementor-drop-cap-view-default) .elementor-drop-cap-letter{width:1em;height:1em}.elementor-widget-text-editor .elementor-drop-cap{float:left;text-align:center;line-height:1;font-size:50px}.elementor-widget-text-editor .elementor-drop-cap-letter{display:inline-block}<\/style>\t\t\t\t<div data-colibri-id=\"696-c1\" class=\"style-436 style-local-696-c1 position-relative\">\n  <!----><p><\/p>\n<div data-colibri-component=\"section\" data-colibri-id=\"696-c2\" id=\"features\" class=\"h-section h-section-global-spacing d-flex align-items-lg-center align-items-md-center align-items-center style-441 style-local-696-c2 position-relative\">\n    <!----><br>    <!----><p><\/p>\n<div class=\"h-section-grid-container h-section-boxed-container\">\n<div data-colibri-id=\"696-c28\" class=\"h-row-container gutters-row-lg-2 gutters-row-md-2 gutters-row-0 gutters-row-v-lg-2 gutters-row-v-md-2 gutters-row-v-2 style-449 style-local-696-c28 position-relative\">\n        <!----><p><\/p>\n<div class=\"h-row justify-content-lg-center justify-content-md-center justify-content-center align-items-lg-stretch align-items-md-stretch align-items-stretch gutters-col-lg-2 gutters-col-md-2 gutters-col-0 gutters-col-v-lg-2 gutters-col-v-md-2 gutters-col-v-2\">\n          <!----><p><\/p>\n<div class=\"h-column h-column-container d-flex h-col-lg-auto h-col-md-auto h-col-auto style-450-outer style-local-696-c29-outer\">\n<div data-colibri-id=\"696-c29\" class=\"d-flex h-flex-basis h-column__inner h-px-lg-2 h-px-md-2 h-px-2 v-inner-lg-2 v-inner-md-2 v-inner-2 style-450 style-local-696-c29 position-relative\">\n              <!----><br>              <!----><p><\/p>\n<div class=\"w-100 h-y-container h-column__content h-column__v-align flex-basis-100 align-self-lg-start align-self-md-start align-self-start\">\n                <!----><p><\/p>\n<div data-colibri-id=\"696-c30\" class=\"h-global-transition-all h-heading style-451 style-local-696-c30 position-relative h-element\">\n                  <!----><p><\/p>\n<div class=\"h-heading__outer style-451 style-local-696-c30\">\n                    <!----><br>                    <!----><p><\/p>\n<h2 class=\"\">El Andros<\/h2>\n<\/div>\n<\/div>\n<div data-colibri-id=\"696-c31\" class=\"h-lead h-text h-text-component style-452 style-local-696-c31 position-relative h-element\">\n                  <!----><br>                  <!----><p><\/p>\n<div class=\"\">\n<p>North Wind Mistral 40\u2032 Ketch<\/p>\n<p>Velero de 12 metros, fabricado en Espa\u00f1a en 1984 Espacioso, confortable y muy marinero, con el encanto , resistencia y buena navegabilidad de los barcos de su \u00e9poca.<\/p>\n<p>Al ser de dos m\u00e1stiles reparte toda la superficie v\u00e9lica entre la G\u00e9nova, la Mayor y la Mesana. Eso da distintas configuraciones en funci\u00f3n del viento, permitiendo navegar pr\u00e1cticamente en cualquier condici\u00f3n a vela y con total seguridad.<\/p><p>Es el velero perfecto para disfrutar de una agradable traves\u00eda al tim\u00f3n, practicar con las velas o simplemente disfrutar con la experiencia.<br>                      <br>                    <\/p>\n<\/div>\n<\/div>\n<\/div>\n<\/div>\n<\/div>\n<div class=\"h-column h-column-container d-flex h-col-lg-auto h-col-md-auto h-col-auto style-453-outer style-local-696-c32-outer\">\n<div data-colibri-id=\"696-c32\" class=\"d-flex h-flex-basis h-column__inner h-px-lg-2 h-px-md-2 h-px-2 v-inner-lg-2 v-inner-md-2 v-inner-2 style-453 style-local-696-c32 position-relative\">\n              <!----><br>              <!----><p><\/p>\n<div class=\"w-100 h-y-container h-column__content h-column__v-align flex-basis-100 align-self-lg-start align-self-md-start align-self-start\">\n                <!----><p><\/p>\n<div data-colibri-id=\"696-c33\" class=\"d-block style-454 style-local-696-c33 position-relative h-element\">\n                  <!----><p><\/p>\n<div class=\"h-image__frame-container-outer\">\n<div class=\"h-image__frame-container\">\n                      <!----><br>                      <!----><br>                      <img loading=\"lazy\" decoding=\"async\" width=\"540\" height=\"1074\" src=\"https:\/\/andros.sailingmylife.com\/wp-content\/uploads\/2023\/07\/cropped-cropped-cropped-andros2-1.jpg\" class=\"wp-image-713 style-454-image style-local-696-c33-image\" alt=\"\" srcset=\"https:\/\/andros.sailingmylife.com\/wp-content\/uploads\/2023\/07\/cropped-cropped-cropped-andros2-1.jpg 540w, https:\/\/andros.sailingmylife.com\/wp-content\/uploads\/2023\/07\/cropped-cropped-cropped-andros2-1-151x300.jpg 151w, https:\/\/andros.sailingmylife.com\/wp-content\/uploads\/2023\/07\/cropped-cropped-cropped-andros2-1-515x1024.jpg 515w\" sizes=\"auto, (max-width: 540px) 100vw, 540px\" \/><p><\/p>\n<div class=\"h-image__frame h-hide-lg h-hide-md h-hide-sm style-454-frameImage style-local-696-c33-frameImage\"><\/div>\n<\/div>\n<\/div>\n<\/div>\n<\/div>\n<\/div>\n<\/div>\n<\/div>\n<\/div>\n<div data-colibri-id=\"696-c3\" class=\"h-row-container gutters-row-lg-2 gutters-row-md-2 gutters-row-2 gutters-row-v-lg-2 gutters-row-v-md-2 gutters-row-v-2 style-442 style-local-696-c3 position-relative\">\n        <!----><p><\/p>\n<div class=\"h-row justify-content-lg-center justify-content-md-center justify-content-center align-items-lg-stretch align-items-md-stretch align-items-stretch gutters-col-lg-2 gutters-col-md-2 gutters-col-2 gutters-col-v-lg-2 gutters-col-v-md-2 gutters-col-v-2\">\n          <!----><p><\/p>\n<div class=\"h-column h-column-container d-flex h-col-lg-3 h-col-md-6 h-col-12 style-443-outer style-local-696-c4-outer\">\n<div data-colibri-id=\"696-c4\" class=\"d-flex h-flex-basis h-column__inner h-px-lg-3 h-px-md-3 h-px-2 v-inner-lg-3 v-inner-md-3 v-inner-2 style-443 style-local-696-c4 position-relative\">\n              <!----><br>              <!----><p><\/p>\n<div class=\"w-100 h-y-container h-column__content h-column__v-align flex-basis-100 align-self-lg-center align-self-md-center align-self-center\">\n                <!----><p><\/p>\n<div data-colibri-id=\"696-c5\" class=\"h-icon style-444 style-local-696-c5 position-relative h-element\">\n                  <!----><span class=\"h-svg-icon h-icon__icon style-444-icon style-local-696-c5-icon\"><!--Icon by Icons8 Line Awesome (https:\/\/icons8.com\/line-awesome)--><svg version=\"1.1\" xmlns=\"http:\/\/www.w3.org\/2000\/svg\" xmlns:xlink=\"http:\/\/www.w3.org\/1999\/xlink\" id=\"connectdevelop\" viewBox=\"0 0 512 545.5\"><path d=\"M146.5 99h219l4.5 8 100 174.5 4.5 8-4.5 8L370 472l-4.5 8h-219l-4.5-8L42 297.5l-4.5-8 4.5-8L142 107zm39 32l25 26 73-26h-98zm146 0L223 169.5l35 36.5zm-167 1.5l-.5 1V174l30.5-11zm184.5 3l-79.5 82 57 59L391 208zm-201 26L135 184l13-4.5v-18zm58.5 14L164 191v62l23.5 25 59.5-60.5zm-58.5 21l-25.5 9-1 2L148 236v-39.5zM113 222l-38.5 67.5 38 66L148 319v-59.5zm285 2l-60.5 64 38.5 39.5zm-140 5l-59.5 61 57.5 61 59.5-63zm152.5 13.5l-20.5 99 11 11.5 36.5-63.5zm-246.5 34v26l12.5-13zm162.5 23L267 363l8.5 9H367l5.5-25.5zm-139 2L164 325v47h72l9-9zm-39.5 40L120.5 370l1.5 2h26v-30.5zm238 19l-2.5 11.5h6.5l2.5-4.5zM131 388l17 29.5V388h-17zm33 0v57.5l1 2 56-59.5h-57zm79 0l-56.5 60h138l-56-60H243zm47.5 0l56 60 7-12 10-48h-73zm89.5 0l-.5 2.5 1.5-2.5h-1z\"><\/path><\/svg><\/span><\/div>\n<div data-colibri-id=\"696-c6\" class=\"h-global-transition-all h-heading style-445 style-local-696-c6 position-relative h-element\">\n                  <!----><p><\/p>\n<div class=\"h-heading__outer style-445 style-local-696-c6\">\n                    <!----><br>                    <!----><p><\/p>\n<h4 class=\"\">El Andros<\/h4>\n<\/div>\n<\/div>\n<div data-colibri-id=\"696-c7\" class=\"h-text h-text-component style-446 style-local-696-c7 position-relative h-element\">\n                <!----><br>                <!----><p><\/p>\n<div class=\"\">\n<p>Toda la informaci\u00f3n del Velero<\/p>\n<\/div>\n<\/div>\n<div data-colibri-id=\"696-c8\" class=\"h-x-container style-447 style-local-696-c8 position-relative h-element\">\n                <!----><p><\/p>\n<div class=\"h-x-container-inner style-dynamic-696-c8-group style-447-spacing style-local-696-c8-spacing\"><span class=\"h-button__outer style-448-outer style-local-696-c9-outer d-inline-flex h-element\"><a h-use-smooth-scroll=\"true\" href=\"https:\/\/andros.sailingmylife.com\/index.php\/el-andros\/\" data-colibri-id=\"696-c9\" class=\"d-flex w-100 align-items-center h-button justify-content-lg-center justify-content-md-center justify-content-center style-448 style-local-696-c9 position-relative\"><!----><!----> <span>get started<\/span><\/a><br>                  <\/span>\n                <\/div>\n<\/div>\n<\/div>\n<\/div>\n<\/div>\n<div class=\"h-column h-column-container d-flex h-col-lg-3 h-col-md-6 h-col-12 style-443-outer style-local-696-c10-outer\">\n<div data-colibri-id=\"696-c10\" class=\"d-flex h-flex-basis h-column__inner h-px-lg-3 h-px-md-3 h-px-2 v-inner-lg-3 v-inner-md-3 v-inner-2 style-443 style-local-696-c10 position-relative\">\n            <!----><br>            <!----><p><\/p>\n<div class=\"w-100 h-y-container h-column__content h-column__v-align flex-basis-100 align-self-lg-center align-self-md-center align-self-center\">\n              <!----><p><\/p>\n<div data-colibri-id=\"696-c11\" class=\"h-icon style-444 style-local-696-c11 position-relative h-element\">\n                <!----><span class=\"h-svg-icon h-icon__icon style-444-icon style-local-696-c11-icon\"><!--Icon by Icons8 Line Awesome (https:\/\/icons8.com\/line-awesome)--><svg version=\"1.1\" xmlns=\"http:\/\/www.w3.org\/2000\/svg\" xmlns:xlink=\"http:\/\/www.w3.org\/1999\/xlink\" id=\"connectdevelop\" viewBox=\"0 0 512 545.5\"><path d=\"M146.5 99h219l4.5 8 100 174.5 4.5 8-4.5 8L370 472l-4.5 8h-219l-4.5-8L42 297.5l-4.5-8 4.5-8L142 107zm39 32l25 26 73-26h-98zm146 0L223 169.5l35 36.5zm-167 1.5l-.5 1V174l30.5-11zm184.5 3l-79.5 82 57 59L391 208zm-201 26L135 184l13-4.5v-18zm58.5 14L164 191v62l23.5 25 59.5-60.5zm-58.5 21l-25.5 9-1 2L148 236v-39.5zM113 222l-38.5 67.5 38 66L148 319v-59.5zm285 2l-60.5 64 38.5 39.5zm-140 5l-59.5 61 57.5 61 59.5-63zm152.5 13.5l-20.5 99 11 11.5 36.5-63.5zm-246.5 34v26l12.5-13zm162.5 23L267 363l8.5 9H367l5.5-25.5zm-139 2L164 325v47h72l9-9zm-39.5 40L120.5 370l1.5 2h26v-30.5zm238 19l-2.5 11.5h6.5l2.5-4.5zM131 388l17 29.5V388h-17zm33 0v57.5l1 2 56-59.5h-57zm79 0l-56.5 60h138l-56-60H243zm47.5 0l56 60 7-12 10-48h-73zm89.5 0l-.5 2.5 1.5-2.5h-1z\"><\/path><\/svg><\/span><\/div>\n<div data-colibri-id=\"696-c12\" class=\"h-global-transition-all h-heading style-445 style-local-696-c12 position-relative h-element\">\n                <!----><p><\/p>\n<div class=\"h-heading__outer style-445 style-local-696-c12\">\n                  <!----><br>                  <!----><p><\/p>\n<h4 class=\"\">excursiones<\/h4>\n<\/div>\n<\/div>\n<div data-colibri-id=\"696-c13\" class=\"h-text h-text-component style-446 style-local-696-c13 position-relative h-element\">\n              <!----><br>              <!----><p><\/p>\n<div class=\"\">\n<p>Salidas privadas plaza a plaza&nbsp; velero completo<\/p>\n<\/div>\n<\/div>\n<div data-colibri-id=\"696-c14\" class=\"h-x-container style-447 style-local-696-c14 position-relative h-element\">\n              <!----><p><\/p>\n<div class=\"h-x-container-inner style-dynamic-696-c14-group style-447-spacing style-local-696-c14-spacing\"><span class=\"h-button__outer style-448-outer style-local-696-c15-outer d-inline-flex h-element\"><a h-use-smooth-scroll=\"true\" href=\"https:\/\/andros.sailingmylife.com\/index.php\/excursiones\/\" data-colibri-id=\"696-c15\" class=\"d-flex w-100 align-items-center h-button justify-content-lg-center justify-content-md-center justify-content-center style-448 style-local-696-c15 position-relative\"><!----><!----> <span>get started<\/span><\/a><br>                <\/span>\n              <\/div>\n<\/div>\n<\/div>\n<\/div>\n<\/div>\n<div class=\"h-column h-column-container d-flex h-col-lg-3 h-col-md-6 h-col-12 style-443-outer style-local-696-c16-outer\">\n<div data-colibri-id=\"696-c16\" class=\"d-flex h-flex-basis h-column__inner h-px-lg-3 h-px-md-3 h-px-2 v-inner-lg-3 v-inner-md-3 v-inner-2 style-443 style-local-696-c16 position-relative\">\n          <!----><br>          <!----><p><\/p>\n<div class=\"w-100 h-y-container h-column__content h-column__v-align flex-basis-100 align-self-lg-center align-self-md-center align-self-center\">\n            <!----><p><\/p>\n<div data-colibri-id=\"696-c17\" class=\"h-icon style-444 style-local-696-c17 position-relative h-element\">\n              <!----><span class=\"h-svg-icon h-icon__icon style-444-icon style-local-696-c17-icon\"><!--Icon by Icons8 Line Awesome (https:\/\/icons8.com\/line-awesome)--><svg version=\"1.1\" xmlns=\"http:\/\/www.w3.org\/2000\/svg\" xmlns:xlink=\"http:\/\/www.w3.org\/1999\/xlink\" id=\"connectdevelop\" viewBox=\"0 0 512 545.5\"><path d=\"M146.5 99h219l4.5 8 100 174.5 4.5 8-4.5 8L370 472l-4.5 8h-219l-4.5-8L42 297.5l-4.5-8 4.5-8L142 107zm39 32l25 26 73-26h-98zm146 0L223 169.5l35 36.5zm-167 1.5l-.5 1V174l30.5-11zm184.5 3l-79.5 82 57 59L391 208zm-201 26L135 184l13-4.5v-18zm58.5 14L164 191v62l23.5 25 59.5-60.5zm-58.5 21l-25.5 9-1 2L148 236v-39.5zM113 222l-38.5 67.5 38 66L148 319v-59.5zm285 2l-60.5 64 38.5 39.5zm-140 5l-59.5 61 57.5 61 59.5-63zm152.5 13.5l-20.5 99 11 11.5 36.5-63.5zm-246.5 34v26l12.5-13zm162.5 23L267 363l8.5 9H367l5.5-25.5zm-139 2L164 325v47h72l9-9zm-39.5 40L120.5 370l1.5 2h26v-30.5zm238 19l-2.5 11.5h6.5l2.5-4.5zM131 388l17 29.5V388h-17zm33 0v57.5l1 2 56-59.5h-57zm79 0l-56.5 60h138l-56-60H243zm47.5 0l56 60 7-12 10-48h-73zm89.5 0l-.5 2.5 1.5-2.5h-1z\"><\/path><\/svg><\/span><\/div>\n<div data-colibri-id=\"696-c18\" class=\"h-global-transition-all h-heading style-445 style-local-696-c18 position-relative h-element\">\n              <!----><p><\/p>\n<div class=\"h-heading__outer style-445 style-local-696-c18\">\n                <!----><br>                <!----><p><\/p>\n<h4 class=\"\">traves\u00edas<\/h4>\n<\/div>\n<\/div>\n<div data-colibri-id=\"696-c19\" class=\"h-text h-text-component style-446 style-local-696-c19 position-relative h-element\">\n            <!----><br>            <!----><p><\/p>\n<div class=\"\">\n<p>Vida a bordo, descubre la&nbsp; navegaci\u00f3n<\/p>\n<\/div>\n<\/div>\n<div data-colibri-id=\"696-c20\" class=\"h-x-container style-447 style-local-696-c20 position-relative h-element\">\n            <!----><p><\/p>\n<div class=\"h-x-container-inner style-dynamic-696-c20-group style-447-spacing style-local-696-c20-spacing\"><span class=\"h-button__outer style-448-outer style-local-696-c21-outer d-inline-flex h-element\"><a h-use-smooth-scroll=\"true\" href=\"https:\/\/andros.sailingmylife.com\/index.php\/hugo-wp\/\" data-colibri-id=\"696-c21\" class=\"d-flex w-100 align-items-center h-button justify-content-lg-center justify-content-md-center justify-content-center style-448 style-local-696-c21 position-relative\"><!----><!----> <span>get started<\/span><\/a><br>              <\/span>\n            <\/div>\n<\/div>\n<\/div>\n<\/div>\n<\/div>\n<div class=\"h-column h-column-container d-flex h-col-lg-3 h-col-md-6 h-col-12 style-443-outer style-local-696-c22-outer\">\n<div data-colibri-id=\"696-c22\" class=\"d-flex h-flex-basis h-column__inner h-px-lg-3 h-px-md-3 h-px-2 v-inner-lg-3 v-inner-md-3 v-inner-2 style-443 style-local-696-c22 position-relative\">\n        <!----><br>        <!----><p><\/p>\n<div class=\"w-100 h-y-container h-column__content h-column__v-align flex-basis-100 align-self-lg-center align-self-md-center align-self-center\">\n          <!----><p><\/p>\n<div data-colibri-id=\"696-c23\" class=\"h-icon style-444 style-local-696-c23 position-relative h-element\">\n            <!----><span class=\"h-svg-icon h-icon__icon style-444-icon style-local-696-c23-icon\"><!--Icon by Icons8 Line Awesome (https:\/\/icons8.com\/line-awesome)--><svg version=\"1.1\" xmlns=\"http:\/\/www.w3.org\/2000\/svg\" xmlns:xlink=\"http:\/\/www.w3.org\/1999\/xlink\" id=\"connectdevelop\" viewBox=\"0 0 512 545.5\"><path d=\"M146.5 99h219l4.5 8 100 174.5 4.5 8-4.5 8L370 472l-4.5 8h-219l-4.5-8L42 297.5l-4.5-8 4.5-8L142 107zm39 32l25 26 73-26h-98zm146 0L223 169.5l35 36.5zm-167 1.5l-.5 1V174l30.5-11zm184.5 3l-79.5 82 57 59L391 208zm-201 26L135 184l13-4.5v-18zm58.5 14L164 191v62l23.5 25 59.5-60.5zm-58.5 21l-25.5 9-1 2L148 236v-39.5zM113 222l-38.5 67.5 38 66L148 319v-59.5zm285 2l-60.5 64 38.5 39.5zm-140 5l-59.5 61 57.5 61 59.5-63zm152.5 13.5l-20.5 99 11 11.5 36.5-63.5zm-246.5 34v26l12.5-13zm162.5 23L267 363l8.5 9H367l5.5-25.5zm-139 2L164 325v47h72l9-9zm-39.5 40L120.5 370l1.5 2h26v-30.5zm238 19l-2.5 11.5h6.5l2.5-4.5zM131 388l17 29.5V388h-17zm33 0v57.5l1 2 56-59.5h-57zm79 0l-56.5 60h138l-56-60H243zm47.5 0l56 60 7-12 10-48h-73zm89.5 0l-.5 2.5 1.5-2.5h-1z\"><\/path><\/svg><\/span><\/div>\n<div data-colibri-id=\"696-c24\" class=\"h-global-transition-all h-heading style-445 style-local-696-c24 position-relative h-element\">\n            <!----><p><\/p>\n<div class=\"h-heading__outer style-445 style-local-696-c24\">\n              <!----><br>              <!----><p><\/p>\n<h4 class=\"\">contacto<\/h4>\n<\/div>\n<\/div>\n<div data-colibri-id=\"696-c25\" class=\"h-text h-text-component style-446 style-local-696-c25 position-relative h-element\">\n<div class=\"\">\n<p>&nbsp;<\/p><p>&nbsp;Pregunta sin compromiso para salidas de mar<\/p>\n<\/div>\n<\/div>\n<div data-colibri-id=\"696-c26\" class=\"h-x-container style-447 style-local-696-c26 position-relative h-element\">\n          <!----><p><\/p>\n<div class=\"h-x-container-inner style-dynamic-696-c26-group style-447-spacing style-local-696-c26-spacing\"><span class=\"h-button__outer style-448-outer style-local-696-c27-outer d-inline-flex h-element\"><a h-use-smooth-scroll=\"true\" href=\"https:\/\/andros.sailingmylife.com\/index.php\/contacto\/\" data-colibri-id=\"696-c27\" class=\"d-flex w-100 align-items-center h-button justify-content-lg-center justify-content-md-center justify-content-center style-448 style-local-696-c27 position-relative\"><!----><!----> <span>get started<\/span><\/a><br>            <\/span>\n          <\/div>\n<\/div>\n<\/div>\n<\/div>\n<\/div>\n<\/div>\n<\/div>\n<\/div>\n<\/div>\n<\/div>\t\t\t\t\t\t<\/div>\n\t\t\t\t<\/div>\n\t\t\t\t\t<\/div>\n\t\t<\/div>\n\t\t\t\t\t\t\t<\/div>\n\t\t<\/section>\n\t\t\t\t\t\t\t<\/div>\n\t\t","protected":false},"excerpt":{"rendered":"<p>El Andros North Wind Mistral 40\u2032 Ketch Velero de 12 metros, fabricado en Espa\u00f1a en 1984 Espacioso, confortable y muy marinero, con el encanto , resistencia y buena navegabilidad de los barcos de su \u00e9poca. Al ser de dos m\u00e1stiles reparte toda la superficie v\u00e9lica entre la G\u00e9nova, la Mayor y la Mesana. Eso da [&hellip;]<\/p>\n","protected":false},"author":1,"featured_media":0,"parent":0,"menu_order":0,"comment_status":"closed","ping_status":"closed","template":"page-templates\/full-width-page.php","meta":{"footnotes":""},"class_list":["post-696","page","type-page","status-publish","hentry"],"_links":{"self":[{"href":"https:\/\/andros.sailingmylife.com\/index.php\/wp-json\/wp\/v2\/pages\/696","targetHints":{"allow":["GET"]}}],"collection":[{"href":"https:\/\/andros.sailingmylife.com\/index.php\/wp-json\/wp\/v2\/pages"}],"about":[{"href":"https:\/\/andros.sailingmylife.com\/index.php\/wp-json\/wp\/v2\/types\/page"}],"author":[{"embeddable":true,"href":"https:\/\/andros.sailingmylife.com\/index.php\/wp-json\/wp\/v2\/users\/1"}],"replies":[{"embeddable":true,"href":"https:\/\/andros.sailingmylife.com\/index.php\/wp-json\/wp\/v2\/comments?post=696"}],"version-history":[{"count":13,"href":"https:\/\/andros.sailingmylife.com\/index.php\/wp-json\/wp\/v2\/pages\/696\/revisions"}],"predecessor-version":[{"id":836,"href":"https:\/\/andros.sailingmylife.com\/index.php\/wp-json\/wp\/v2\/pages\/696\/revisions\/836"}],"wp:attachment":[{"href":"https:\/\/andros.sailingmylife.com\/index.php\/wp-json\/wp\/v2\/media?parent=696"}],"curies":[{"name":"wp","href":"https:\/\/api.w.org\/{rel}","templated":true}]}}